{"id":9,"date":"2024-02-29T18:06:03","date_gmt":"2024-02-29T17:06:03","guid":{"rendered":"http:\/\/localhost\/?page_id=9"},"modified":"2024-09-01T14:35:52","modified_gmt":"2024-09-01T12:35:52","slug":"strona-glowna","status":"publish","type":"page","link":"https:\/\/pp1pawlowice.pl\/","title":{"rendered":"Strona G\u0142\u00f3wna"},"content":{"rendered":"\t\t<div data-elementor-type=\"wp-page\" data-elementor-id=\"9\" class=\"elementor elementor-9\">\n\t\t\t\t<div class=\"elementor-element elementor-element-b1eac63 animated-slow e-flex e-con-boxed elementor-invisible e-con e-parent\" data-id=\"b1eac63\" data-element_type=\"container\" data-e-type=\"container\" data-settings=\"{&quot;animation&quot;:&quot;zoomIn&quot;,&quot;animation_delay&quot;:0}\">\n\t\t\t\t\t<div class=\"e-con-inner\">\n\t\t\t\t\t<\/div>\n\t\t\t\t<\/div>\n\t\t<div class=\"elementor-element elementor-element-ca6d67f e-flex e-con-boxed e-con e-parent\" data-id=\"ca6d67f\" data-element_type=\"container\" data-e-type=\"container\">\n\t\t\t\t\t<div class=\"e-con-inner\">\n\t\t<div class=\"elementor-element elementor-element-b076a53 e-con-full animated-slow e-flex elementor-invisible e-con e-child\" data-id=\"b076a53\" data-element_type=\"container\" data-e-type=\"container\" data-settings=\"{&quot;animation&quot;:&quot;fadeInLeft&quot;}\">\n\t\t\t\t<div class=\"elementor-element elementor-element-09bd316 elementor-widget elementor-widget-text-editor\" data-id=\"09bd316\" data-element_type=\"widget\" data-e-type=\"widget\" data-widget_type=\"text-editor.default\">\n\t\t\t\t<div class=\"elementor-widget-container\">\n\t\t\t\t\t\t\t\t\t<p style=\"text-align: center;\"><strong>Publiczne Przedszkole nr 1 w Paw\u0142owicach<\/strong><\/p><p style=\"text-align: center;\">ul. Szkolna 1 A<br \/>43-250 Paw\u0142owice<br \/>tel. 579 471 120<\/p>\t\t\t\t\t\t\t\t<\/div>\n\t\t\t\t<\/div>\n\t\t\t\t<\/div>\n\t\t<div class=\"elementor-element elementor-element-f48c511 e-con-full animated-slow e-flex elementor-invisible e-con e-child\" data-id=\"f48c511\" data-element_type=\"container\" data-e-type=\"container\" data-settings=\"{&quot;animation&quot;:&quot;fadeInRight&quot;}\">\n\t\t\t\t<div class=\"elementor-element elementor-element-b8059f3 elementor-widget elementor-widget-google_maps\" data-id=\"b8059f3\" data-element_type=\"widget\" data-e-type=\"widget\" data-widget_type=\"google_maps.default\">\n\t\t\t\t<div class=\"elementor-widget-container\">\n\t\t\t\t\t\t\t<div class=\"elementor-custom-embed\">\n\t\t\t<iframe loading=\"lazy\"\n\t\t\t\t\tsrc=\"https:\/\/maps.google.com\/maps?q=Paw%C5%82owice%2Cul%20Szkolna%201a&#038;t=m&#038;z=16&#038;output=embed&#038;iwloc=near\"\n\t\t\t\t\ttitle=\"Paw\u0142owice,ul Szkolna 1a\"\n\t\t\t\t\taria-label=\"Paw\u0142owice,ul Szkolna 1a\"\n\t\t\t><\/iframe>\n\t\t<\/div>\n\t\t\t\t\t\t<\/div>\n\t\t\t\t<\/div>\n\t\t\t\t<\/div>\n\t\t\t\t\t<\/div>\n\t\t\t\t<\/div>\n\t\t\t\t<\/div>\n\t\t","protected":false},"excerpt":{"rendered":"<p>Publiczne Przedszkole nr 1 w Paw\u0142owicach ul. Szkolna 1 A43-250 Paw\u0142owicetel. 579 471 120<\/p>\n","protected":false},"author":1,"featured_media":0,"parent":0,"menu_order":0,"comment_status":"closed","ping_status":"closed","template":"","meta":{"_kad_post_transparent":"default","_kad_post_title":"hide","_kad_post_layout":"default","_kad_post_sidebar_id":"","_kad_post_content_style":"default","_kad_post_vertical_padding":"default","_kad_post_feature":"","_kad_post_feature_position":"","_kad_post_header":false,"_kad_post_footer":false,"_kad_post_classname":"","footnotes":""},"class_list":["post-9","page","type-page","status-publish","hentry"],"yoast_head":"<!-- This site is optimized with the Yoast SEO plugin v27.3 - https:\/\/yoast.com\/product\/yoast-seo-wordpress\/ -->\n<title>Strona G\u0142\u00f3wna - Publiczne Przedszkole nr. 1<\/title>\n<meta name=\"robots\" content=\"index, follow, max-snippet:-1, max-image-preview:large, max-video-preview:-1\" \/>\n<link rel=\"canonical\" href=\"https:\/\/pp1pawlowice.pl\/\" \/>\n<meta property=\"og:locale\" content=\"pl_PL\" \/>\n<meta property=\"og:type\" content=\"article\" \/>\n<meta property=\"og:title\" content=\"Strona G\u0142\u00f3wna - Publiczne Przedszkole nr. 1\" \/>\n<meta property=\"og:description\" content=\"Publiczne Przedszkole nr 1 w Paw\u0142owicach ul. Szkolna 1 A43-250 Paw\u0142owicetel. 579 471 120\" \/>\n<meta property=\"og:url\" content=\"https:\/\/pp1pawlowice.pl\/\" \/>\n<meta property=\"og:site_name\" content=\"Publiczne Przedszkole nr. 1\" \/>\n<meta property=\"article:modified_time\" content=\"2024-09-01T12:35:52+00:00\" \/>\n<meta name=\"twitter:card\" content=\"summary_large_image\" \/>\n<meta name=\"twitter:label1\" content=\"Szacowany czas czytania\" \/>\n\t<meta name=\"twitter:data1\" content=\"1 minuta\" \/>\n<script type=\"application\/ld+json\" class=\"yoast-schema-graph\">{\"@context\":\"https:\\\/\\\/schema.org\",\"@graph\":[{\"@type\":\"WebPage\",\"@id\":\"https:\\\/\\\/pp1pawlowice.pl\\\/\",\"url\":\"https:\\\/\\\/pp1pawlowice.pl\\\/\",\"name\":\"Strona G\u0142\u00f3wna - Publiczne Przedszkole nr. 1\",\"isPartOf\":{\"@id\":\"https:\\\/\\\/pp1pawlowice.pl\\\/#website\"},\"datePublished\":\"2024-02-29T17:06:03+00:00\",\"dateModified\":\"2024-09-01T12:35:52+00:00\",\"breadcrumb\":{\"@id\":\"https:\\\/\\\/pp1pawlowice.pl\\\/#breadcrumb\"},\"inLanguage\":\"pl-PL\",\"potentialAction\":[{\"@type\":\"ReadAction\",\"target\":[\"https:\\\/\\\/pp1pawlowice.pl\\\/\"]}]},{\"@type\":\"BreadcrumbList\",\"@id\":\"https:\\\/\\\/pp1pawlowice.pl\\\/#breadcrumb\",\"itemListElement\":[{\"@type\":\"ListItem\",\"position\":1,\"name\":\"Strona g\u0142\u00f3wna\",\"item\":\"https:\\\/\\\/pp1pawlowice.pl\\\/\"},{\"@type\":\"ListItem\",\"position\":2,\"name\":\"Strona G\u0142\u00f3wna\"}]},{\"@type\":\"WebSite\",\"@id\":\"https:\\\/\\\/pp1pawlowice.pl\\\/#website\",\"url\":\"https:\\\/\\\/pp1pawlowice.pl\\\/\",\"name\":\"Publiczne Przedszkole nr. 1\",\"description\":\"\",\"publisher\":{\"@id\":\"https:\\\/\\\/pp1pawlowice.pl\\\/#organization\"},\"potentialAction\":[{\"@type\":\"SearchAction\",\"target\":{\"@type\":\"EntryPoint\",\"urlTemplate\":\"https:\\\/\\\/pp1pawlowice.pl\\\/?s={search_term_string}\"},\"query-input\":{\"@type\":\"PropertyValueSpecification\",\"valueRequired\":true,\"valueName\":\"search_term_string\"}}],\"inLanguage\":\"pl-PL\"},{\"@type\":\"Organization\",\"@id\":\"https:\\\/\\\/pp1pawlowice.pl\\\/#organization\",\"name\":\"Publiczne Przedszkole nr. 1\",\"url\":\"https:\\\/\\\/pp1pawlowice.pl\\\/\",\"logo\":{\"@type\":\"ImageObject\",\"inLanguage\":\"pl-PL\",\"@id\":\"https:\\\/\\\/pp1pawlowice.pl\\\/#\\\/schema\\\/logo\\\/image\\\/\",\"url\":\"https:\\\/\\\/pp1pawlowice.pl\\\/wp-content\\\/uploads\\\/2024\\\/03\\\/logoPP1.png\",\"contentUrl\":\"https:\\\/\\\/pp1pawlowice.pl\\\/wp-content\\\/uploads\\\/2024\\\/03\\\/logoPP1.png\",\"width\":600,\"height\":552,\"caption\":\"Publiczne Przedszkole nr. 1\"},\"image\":{\"@id\":\"https:\\\/\\\/pp1pawlowice.pl\\\/#\\\/schema\\\/logo\\\/image\\\/\"}}]}<\/script>\n<!-- \/ Yoast SEO plugin. -->","yoast_head_json":{"title":"Strona G\u0142\u00f3wna - Publiczne Przedszkole nr. 1","robots":{"index":"index","follow":"follow","max-snippet":"max-snippet:-1","max-image-preview":"max-image-preview:large","max-video-preview":"max-video-preview:-1"},"canonical":"https:\/\/pp1pawlowice.pl\/","og_locale":"pl_PL","og_type":"article","og_title":"Strona G\u0142\u00f3wna - Publiczne Przedszkole nr. 1","og_description":"Publiczne Przedszkole nr 1 w Paw\u0142owicach ul. Szkolna 1 A43-250 Paw\u0142owicetel. 579 471 120","og_url":"https:\/\/pp1pawlowice.pl\/","og_site_name":"Publiczne Przedszkole nr. 1","article_modified_time":"2024-09-01T12:35:52+00:00","twitter_card":"summary_large_image","twitter_misc":{"Szacowany czas czytania":"1 minuta"},"schema":{"@context":"https:\/\/schema.org","@graph":[{"@type":"WebPage","@id":"https:\/\/pp1pawlowice.pl\/","url":"https:\/\/pp1pawlowice.pl\/","name":"Strona G\u0142\u00f3wna - Publiczne Przedszkole nr. 1","isPartOf":{"@id":"https:\/\/pp1pawlowice.pl\/#website"},"datePublished":"2024-02-29T17:06:03+00:00","dateModified":"2024-09-01T12:35:52+00:00","breadcrumb":{"@id":"https:\/\/pp1pawlowice.pl\/#breadcrumb"},"inLanguage":"pl-PL","potentialAction":[{"@type":"ReadAction","target":["https:\/\/pp1pawlowice.pl\/"]}]},{"@type":"BreadcrumbList","@id":"https:\/\/pp1pawlowice.pl\/#breadcrumb","itemListElement":[{"@type":"ListItem","position":1,"name":"Strona g\u0142\u00f3wna","item":"https:\/\/pp1pawlowice.pl\/"},{"@type":"ListItem","position":2,"name":"Strona G\u0142\u00f3wna"}]},{"@type":"WebSite","@id":"https:\/\/pp1pawlowice.pl\/#website","url":"https:\/\/pp1pawlowice.pl\/","name":"Publiczne Przedszkole nr. 1","description":"","publisher":{"@id":"https:\/\/pp1pawlowice.pl\/#organization"},"potentialAction":[{"@type":"SearchAction","target":{"@type":"EntryPoint","urlTemplate":"https:\/\/pp1pawlowice.pl\/?s={search_term_string}"},"query-input":{"@type":"PropertyValueSpecification","valueRequired":true,"valueName":"search_term_string"}}],"inLanguage":"pl-PL"},{"@type":"Organization","@id":"https:\/\/pp1pawlowice.pl\/#organization","name":"Publiczne Przedszkole nr. 1","url":"https:\/\/pp1pawlowice.pl\/","logo":{"@type":"ImageObject","inLanguage":"pl-PL","@id":"https:\/\/pp1pawlowice.pl\/#\/schema\/logo\/image\/","url":"https:\/\/pp1pawlowice.pl\/wp-content\/uploads\/2024\/03\/logoPP1.png","contentUrl":"https:\/\/pp1pawlowice.pl\/wp-content\/uploads\/2024\/03\/logoPP1.png","width":600,"height":552,"caption":"Publiczne Przedszkole nr. 1"},"image":{"@id":"https:\/\/pp1pawlowice.pl\/#\/schema\/logo\/image\/"}}]}},"_links":{"self":[{"href":"https:\/\/pp1pawlowice.pl\/index.php?rest_route=\/wp\/v2\/pages\/9","targetHints":{"allow":["GET"]}}],"collection":[{"href":"https:\/\/pp1pawlowice.pl\/index.php?rest_route=\/wp\/v2\/pages"}],"about":[{"href":"https:\/\/pp1pawlowice.pl\/index.php?rest_route=\/wp\/v2\/types\/page"}],"author":[{"embeddable":true,"href":"https:\/\/pp1pawlowice.pl\/index.php?rest_route=\/wp\/v2\/users\/1"}],"replies":[{"embeddable":true,"href":"https:\/\/pp1pawlowice.pl\/index.php?rest_route=%2Fwp%2Fv2%2Fcomments&post=9"}],"version-history":[{"count":72,"href":"https:\/\/pp1pawlowice.pl\/index.php?rest_route=\/wp\/v2\/pages\/9\/revisions"}],"predecessor-version":[{"id":733,"href":"https:\/\/pp1pawlowice.pl\/index.php?rest_route=\/wp\/v2\/pages\/9\/revisions\/733"}],"wp:attachment":[{"href":"https:\/\/pp1pawlowice.pl\/index.php?rest_route=%2Fwp%2Fv2%2Fmedia&parent=9"}],"curies":[{"name":"wp","href":"https:\/\/api.w.org\/{rel}","templated":true}]}}