{"id":420,"date":"2024-07-03T22:52:05","date_gmt":"2024-07-03T20:52:05","guid":{"rendered":"http:\/\/www.pp1pawlo.webd.pro\/new\/?page_id=420"},"modified":"2024-07-17T22:10:40","modified_gmt":"2024-07-17T20:10:40","slug":"procedura-pomocy-psychologiczno-pedagogicznej","status":"publish","type":"page","link":"https:\/\/pp1pawlowice.pl\/?page_id=420","title":{"rendered":"Procedura pomocy psychologiczno-pedagogicznej"},"content":{"rendered":"<ol>\n<li style=\"text-align: left;\">Procedura pomocy psychologiczno-pedagogicznej [<a href=\"http:\/\/www.pp1pawlowice.pl\/wp-content\/uploads\/2024\/07\/Procedura-udzielania-ppp.pdf\">PDF<\/a>]<\/li>\n<li style=\"text-align: left;\">Wniosek o udzielenie pomocy psychologiczno-pedagogicznej [<a href=\"http:\/\/www.pp1pawlowice.pl\/wp-content\/uploads\/2024\/07\/Wniosek-o-udzielenie-pomocy-psychologiczno-pedagogicznej.pdf\">PDF<\/a>]<\/li>\n<li style=\"text-align: left;\">Rezygnacja z pomocy psychologiczno-pedagogicznej [<a href=\"http:\/\/www.pp1pawlowice.pl\/wp-content\/uploads\/2024\/07\/rezygnacja-z-korzystania-z-pomocy-psychologiczno-pedagogicznej.pdf\">PDF<\/a>]<\/li>\n<\/ol>\n<p style=\"text-align: left;\" align=\"center\"><span style=\"color: #000000;\"><b>Instytucje udzielaj\u0105ce pomocy psychologicznej i psychiatrycznej w najbli\u017cszej okolicy.<\/b><\/span><\/p>\n<ol>\n<li><span style=\"color: #000000;\"><b>Poradnia Psychologiczno-pedagogiczna w Pszczynie<\/b><\/span><span style=\"color: #000000;\"><br \/>\n<\/span><span style=\"color: #000000;\">ul. Zamenhofa 5, Pszczyna<br \/>\n<\/span><span style=\"font-family: var(--global-body-font-family); color: #000000;\">tel\/fax\u00a0<\/span><strong style=\"font-family: var(--global-body-font-family);\"><span style=\"color: #000000;\">32 210 37 16<br \/>\n<\/span><\/strong><span style=\"font-family: var(--global-body-font-family); color: #000000;\">e-mail:\u00a0<\/span><a style=\"font-family: var(--global-body-font-family);\" href=\"mailto:ppped@ppped.pl\" target=\"_top\" rel=\"noopener\">ppped@ppped.pl<\/a><br \/>\nPlac\u00f3wka jest czynna od poniedzia\u0142ku do czwartku w godzinach od 8.00 do 17.00, w pi\u0105tek w godzinach od 8.00 do 15.00<\/li>\n<li><span style=\"color: #000000;\"><b>O\u015brodek Pomocy Spo\u0142ecznej w\u00a0Paw\u0142owicach<br \/>\n<\/b><\/span><span style=\"color: #000000;\">ul. G\u00f3rnicza 26, Paw\u0142owice<br \/>\ntel. (32) 47-21-741<br \/>\n<\/span><span style=\"color: #000000;\">e-mail:\u00a0<\/span><a href=\"mailto:ops@pawlowice.pl\" target=\"_top\" rel=\"noopener\"><span style=\"color: #000000;\"><u>ops@pawlowice.pl<\/u><\/span><\/a><br \/>\n<u style=\"color: #000000; font-family: var(--global-body-font-family);\">Godziny pracy<br \/>\n<\/u>poniedzia\u0142ek od 7:30 do 15:30<br \/>\nwtorek od 7:30 do 17:00<br \/>\n\u015broda od 7:30 do 15:30<br \/>\nczwartek od 7:30 do 15:30<br \/>\npi\u0105tek od 7:30 do 14:00<\/li>\n<li><span style=\"color: #000000;\"><b>Powiatowe Centrum Pomocy Rodzinie <\/b><\/span><span style=\"color: #000000;\"><span style=\"color: #000000;\"><span style=\"color: #000000;\"><br \/>\nul. Dworcowa 23, Pszczyna<br \/>\ntel. 32 449 01 45<br \/>\ne-mail: pcpr@powiat.pszczyna.pl<\/span><\/span><\/span><\/li>\n<li><span style=\"color: #000000;\"><b>Punkt Interwencji Kryzysowej dla Ofiar Przemocy i Rodzin z Problemem Alkoholowym przy Os\u0301rodku Pomocy Spo\u0142ecznej w Pszczynie<\/b><\/span><span style=\"color: #000000;\"><span style=\"color: #000000;\"><span style=\"color: #000000;\"><span style=\"color: #000000;\"><br \/>\nul. Kilin\u0301skiego 5a, Pszczyna<br \/>\ntel. 32 210 58 10<\/span><\/span><\/span><\/span><\/li>\n<li><span style=\"color: #000000;\"><b>Punkt Wsparcia dla Oso\u0301b i Rodzin w Rozwia\u0328zywaniu Sytuacji Konfliktowych przy Os\u0301rodku Pomocy Spo\u0142ecznej w Pszczynie <\/b><\/span><span style=\"color: #000000;\"><br \/>\nul. Kilin\u0301skiego 5a, Pszczyna<br \/>\ntel. 32 210 41 73 <\/span><a href=\"mailto:opspszczyna@wp.pl\" target=\"_top\" rel=\"noopener\">opspszczyna@wp.pl<\/a><\/li>\n<li><span style=\"color: #000000;\"><b>O\u015brodek medyczno-terapeutyczny\u201d Syriusz w \u017borach<\/b><\/span><span style=\"color: #000000;\"><br \/>\nul. Promienna 5 A<br \/>\nTelefon stacjonarny: 32 723 12 74,<br \/>\n<\/span>Telefon kom\u00f3rkowy: 666 379 004<br \/>\ne-mail: <a style=\"font-family: var(--global-body-font-family);\" href=\"mailto:osrodek@nzozsyriusz.pl\" target=\"_top\" rel=\"noopener\"><span style=\"color: #000000;\">osrodek@nzozsyriusz.pl<\/span><\/a><br \/>\nRejestracja czynna od poniedzia\u0142ku do pi\u0105tku w godzinach 8.00 do 20.00, w soboty od 8.00 do 14.00.<\/li>\n<\/ol>\n","protected":false},"excerpt":{"rendered":"<p>Procedura pomocy psychologiczno-pedagogicznej [PDF] Wniosek o udzielenie pomocy psychologiczno-pedagogicznej [PDF] Rezygnacja z pomocy psychologiczno-pedagogicznej [PDF] Instytucje udzielaj\u0105ce pomocy psychologicznej i psychiatrycznej w najbli\u017cszej okolicy. Poradnia Psychologiczno-pedagogiczna w Pszczynie ul. Zamenhofa 5, Pszczyna tel\/fax\u00a032 210 37 16 e-mail:\u00a0ppped@ppped.pl Plac\u00f3wka jest czynna od poniedzia\u0142ku do czwartku w godzinach od 8.00 do 17.00, w pi\u0105tek w godzinach od&#8230;<\/p>\n","protected":false},"author":1,"featured_media":0,"parent":302,"menu_order":0,"comment_status":"closed","ping_status":"closed","template":"","meta":{"_kad_post_transparent":"default","_kad_post_title":"default","_kad_post_layout":"default","_kad_post_sidebar_id":"","_kad_post_content_style":"default","_kad_post_vertical_padding":"default","_kad_post_feature":"","_kad_post_feature_position":"","_kad_post_header":false,"_kad_post_footer":false,"_kad_post_classname":"","footnotes":""},"class_list":["post-420","page","type-page","status-publish","hentry"],"yoast_head":"<!-- This site is optimized with the Yoast SEO plugin v27.3 - https:\/\/yoast.com\/product\/yoast-seo-wordpress\/ -->\n<title>Procedura pomocy psychologiczno-pedagogicznej - Publiczne Przedszkole nr. 1<\/title>\n<meta name=\"robots\" content=\"index, follow, max-snippet:-1, max-image-preview:large, max-video-preview:-1\" \/>\n<link rel=\"canonical\" href=\"https:\/\/pp1pawlowice.pl\/?page_id=420\" \/>\n<meta property=\"og:locale\" content=\"pl_PL\" \/>\n<meta property=\"og:type\" content=\"article\" \/>\n<meta property=\"og:title\" content=\"Procedura pomocy psychologiczno-pedagogicznej - Publiczne Przedszkole nr. 1\" \/>\n<meta property=\"og:description\" content=\"Procedura pomocy psychologiczno-pedagogicznej [PDF] Wniosek o udzielenie pomocy psychologiczno-pedagogicznej [PDF] Rezygnacja z pomocy psychologiczno-pedagogicznej [PDF] Instytucje udzielaj\u0105ce pomocy psychologicznej i psychiatrycznej w najbli\u017cszej okolicy. Poradnia Psychologiczno-pedagogiczna w Pszczynie ul. Zamenhofa 5, Pszczyna tel\/fax\u00a032 210 37 16 e-mail:\u00a0ppped@ppped.pl Plac\u00f3wka jest czynna od poniedzia\u0142ku do czwartku w godzinach od 8.00 do 17.00, w pi\u0105tek w godzinach od...\" \/>\n<meta property=\"og:url\" content=\"https:\/\/pp1pawlowice.pl\/?page_id=420\" \/>\n<meta property=\"og:site_name\" content=\"Publiczne Przedszkole nr. 1\" \/>\n<meta property=\"article:modified_time\" content=\"2024-07-17T20:10:40+00:00\" \/>\n<meta name=\"twitter:card\" content=\"summary_large_image\" \/>\n<meta name=\"twitter:label1\" content=\"Szacowany czas czytania\" \/>\n\t<meta name=\"twitter:data1\" content=\"2 minuty\" \/>\n<script type=\"application\/ld+json\" class=\"yoast-schema-graph\">{\"@context\":\"https:\\\/\\\/schema.org\",\"@graph\":[{\"@type\":\"WebPage\",\"@id\":\"https:\\\/\\\/pp1pawlowice.pl\\\/?page_id=420\",\"url\":\"https:\\\/\\\/pp1pawlowice.pl\\\/?page_id=420\",\"name\":\"Procedura pomocy psychologiczno-pedagogicznej - Publiczne Przedszkole nr. 1\",\"isPartOf\":{\"@id\":\"https:\\\/\\\/pp1pawlowice.pl\\\/#website\"},\"datePublished\":\"2024-07-03T20:52:05+00:00\",\"dateModified\":\"2024-07-17T20:10:40+00:00\",\"breadcrumb\":{\"@id\":\"https:\\\/\\\/pp1pawlowice.pl\\\/?page_id=420#breadcrumb\"},\"inLanguage\":\"pl-PL\",\"potentialAction\":[{\"@type\":\"ReadAction\",\"target\":[\"https:\\\/\\\/pp1pawlowice.pl\\\/?page_id=420\"]}]},{\"@type\":\"BreadcrumbList\",\"@id\":\"https:\\\/\\\/pp1pawlowice.pl\\\/?page_id=420#breadcrumb\",\"itemListElement\":[{\"@type\":\"ListItem\",\"position\":1,\"name\":\"Strona g\u0142\u00f3wna\",\"item\":\"https:\\\/\\\/pp1pawlowice.pl\\\/\"},{\"@type\":\"ListItem\",\"position\":2,\"name\":\"Dla rodzic\u00f3w\",\"item\":\"https:\\\/\\\/pp1pawlowice.pl\\\/?page_id=302\"},{\"@type\":\"ListItem\",\"position\":3,\"name\":\"Procedura pomocy psychologiczno-pedagogicznej\"}]},{\"@type\":\"WebSite\",\"@id\":\"https:\\\/\\\/pp1pawlowice.pl\\\/#website\",\"url\":\"https:\\\/\\\/pp1pawlowice.pl\\\/\",\"name\":\"Publiczne Przedszkole nr. 1\",\"description\":\"\",\"publisher\":{\"@id\":\"https:\\\/\\\/pp1pawlowice.pl\\\/#organization\"},\"potentialAction\":[{\"@type\":\"SearchAction\",\"target\":{\"@type\":\"EntryPoint\",\"urlTemplate\":\"https:\\\/\\\/pp1pawlowice.pl\\\/?s={search_term_string}\"},\"query-input\":{\"@type\":\"PropertyValueSpecification\",\"valueRequired\":true,\"valueName\":\"search_term_string\"}}],\"inLanguage\":\"pl-PL\"},{\"@type\":\"Organization\",\"@id\":\"https:\\\/\\\/pp1pawlowice.pl\\\/#organization\",\"name\":\"Publiczne Przedszkole nr. 1\",\"url\":\"https:\\\/\\\/pp1pawlowice.pl\\\/\",\"logo\":{\"@type\":\"ImageObject\",\"inLanguage\":\"pl-PL\",\"@id\":\"https:\\\/\\\/pp1pawlowice.pl\\\/#\\\/schema\\\/logo\\\/image\\\/\",\"url\":\"https:\\\/\\\/pp1pawlowice.pl\\\/wp-content\\\/uploads\\\/2024\\\/03\\\/logoPP1.png\",\"contentUrl\":\"https:\\\/\\\/pp1pawlowice.pl\\\/wp-content\\\/uploads\\\/2024\\\/03\\\/logoPP1.png\",\"width\":600,\"height\":552,\"caption\":\"Publiczne Przedszkole nr. 1\"},\"image\":{\"@id\":\"https:\\\/\\\/pp1pawlowice.pl\\\/#\\\/schema\\\/logo\\\/image\\\/\"}}]}<\/script>\n<!-- \/ Yoast SEO plugin. -->","yoast_head_json":{"title":"Procedura pomocy psychologiczno-pedagogicznej - Publiczne Przedszkole nr. 1","robots":{"index":"index","follow":"follow","max-snippet":"max-snippet:-1","max-image-preview":"max-image-preview:large","max-video-preview":"max-video-preview:-1"},"canonical":"https:\/\/pp1pawlowice.pl\/?page_id=420","og_locale":"pl_PL","og_type":"article","og_title":"Procedura pomocy psychologiczno-pedagogicznej - Publiczne Przedszkole nr. 1","og_description":"Procedura pomocy psychologiczno-pedagogicznej [PDF] Wniosek o udzielenie pomocy psychologiczno-pedagogicznej [PDF] Rezygnacja z pomocy psychologiczno-pedagogicznej [PDF] Instytucje udzielaj\u0105ce pomocy psychologicznej i psychiatrycznej w najbli\u017cszej okolicy. Poradnia Psychologiczno-pedagogiczna w Pszczynie ul. Zamenhofa 5, Pszczyna tel\/fax\u00a032 210 37 16 e-mail:\u00a0ppped@ppped.pl Plac\u00f3wka jest czynna od poniedzia\u0142ku do czwartku w godzinach od 8.00 do 17.00, w pi\u0105tek w godzinach od...","og_url":"https:\/\/pp1pawlowice.pl\/?page_id=420","og_site_name":"Publiczne Przedszkole nr. 1","article_modified_time":"2024-07-17T20:10:40+00:00","twitter_card":"summary_large_image","twitter_misc":{"Szacowany czas czytania":"2 minuty"},"schema":{"@context":"https:\/\/schema.org","@graph":[{"@type":"WebPage","@id":"https:\/\/pp1pawlowice.pl\/?page_id=420","url":"https:\/\/pp1pawlowice.pl\/?page_id=420","name":"Procedura pomocy psychologiczno-pedagogicznej - Publiczne Przedszkole nr. 1","isPartOf":{"@id":"https:\/\/pp1pawlowice.pl\/#website"},"datePublished":"2024-07-03T20:52:05+00:00","dateModified":"2024-07-17T20:10:40+00:00","breadcrumb":{"@id":"https:\/\/pp1pawlowice.pl\/?page_id=420#breadcrumb"},"inLanguage":"pl-PL","potentialAction":[{"@type":"ReadAction","target":["https:\/\/pp1pawlowice.pl\/?page_id=420"]}]},{"@type":"BreadcrumbList","@id":"https:\/\/pp1pawlowice.pl\/?page_id=420#breadcrumb","itemListElement":[{"@type":"ListItem","position":1,"name":"Strona g\u0142\u00f3wna","item":"https:\/\/pp1pawlowice.pl\/"},{"@type":"ListItem","position":2,"name":"Dla rodzic\u00f3w","item":"https:\/\/pp1pawlowice.pl\/?page_id=302"},{"@type":"ListItem","position":3,"name":"Procedura pomocy psychologiczno-pedagogicznej"}]},{"@type":"WebSite","@id":"https:\/\/pp1pawlowice.pl\/#website","url":"https:\/\/pp1pawlowice.pl\/","name":"Publiczne Przedszkole nr. 1","description":"","publisher":{"@id":"https:\/\/pp1pawlowice.pl\/#organization"},"potentialAction":[{"@type":"SearchAction","target":{"@type":"EntryPoint","urlTemplate":"https:\/\/pp1pawlowice.pl\/?s={search_term_string}"},"query-input":{"@type":"PropertyValueSpecification","valueRequired":true,"valueName":"search_term_string"}}],"inLanguage":"pl-PL"},{"@type":"Organization","@id":"https:\/\/pp1pawlowice.pl\/#organization","name":"Publiczne Przedszkole nr. 1","url":"https:\/\/pp1pawlowice.pl\/","logo":{"@type":"ImageObject","inLanguage":"pl-PL","@id":"https:\/\/pp1pawlowice.pl\/#\/schema\/logo\/image\/","url":"https:\/\/pp1pawlowice.pl\/wp-content\/uploads\/2024\/03\/logoPP1.png","contentUrl":"https:\/\/pp1pawlowice.pl\/wp-content\/uploads\/2024\/03\/logoPP1.png","width":600,"height":552,"caption":"Publiczne Przedszkole nr. 1"},"image":{"@id":"https:\/\/pp1pawlowice.pl\/#\/schema\/logo\/image\/"}}]}},"_links":{"self":[{"href":"https:\/\/pp1pawlowice.pl\/index.php?rest_route=\/wp\/v2\/pages\/420","targetHints":{"allow":["GET"]}}],"collection":[{"href":"https:\/\/pp1pawlowice.pl\/index.php?rest_route=\/wp\/v2\/pages"}],"about":[{"href":"https:\/\/pp1pawlowice.pl\/index.php?rest_route=\/wp\/v2\/types\/page"}],"author":[{"embeddable":true,"href":"https:\/\/pp1pawlowice.pl\/index.php?rest_route=\/wp\/v2\/users\/1"}],"replies":[{"embeddable":true,"href":"https:\/\/pp1pawlowice.pl\/index.php?rest_route=%2Fwp%2Fv2%2Fcomments&post=420"}],"version-history":[{"count":20,"href":"https:\/\/pp1pawlowice.pl\/index.php?rest_route=\/wp\/v2\/pages\/420\/revisions"}],"predecessor-version":[{"id":521,"href":"https:\/\/pp1pawlowice.pl\/index.php?rest_route=\/wp\/v2\/pages\/420\/revisions\/521"}],"up":[{"embeddable":true,"href":"https:\/\/pp1pawlowice.pl\/index.php?rest_route=\/wp\/v2\/pages\/302"}],"wp:attachment":[{"href":"https:\/\/pp1pawlowice.pl\/index.php?rest_route=%2Fwp%2Fv2%2Fmedia&parent=420"}],"curies":[{"name":"wp","href":"https:\/\/api.w.org\/{rel}","templated":true}]}}