{"id":2767,"date":"2026-01-07T22:11:51","date_gmt":"2026-01-07T21:11:51","guid":{"rendered":"https:\/\/pp1pawlowice.pl\/?page_id=2767"},"modified":"2026-01-19T21:48:16","modified_gmt":"2026-01-19T20:48:16","slug":"rekrutacja-na-rok-szkolny-2026-2027","status":"publish","type":"page","link":"https:\/\/pp1pawlowice.pl\/?page_id=2767","title":{"rendered":"Rekrutacja na rok szkolny 2026\/2027"},"content":{"rendered":"<ul>\n<li>Zarz\u0105dzenie W\u00f3jta [<a href=\"https:\/\/pp1pawlowice.pl\/wp-content\/uploads\/2026\/01\/Zarzadzenie-Rekrutacja-do-Przedszkola-terminy.pdf\">PDF<\/a>]<\/li>\n<li>Wniosek o przyjecie do przedszkola [<a href=\"https:\/\/pp1pawlowice.pl\/wp-content\/uploads\/2026\/01\/Wniosek-o-przyjecie-do-przedszkola.doc.pdf\">PDF<\/a>]<\/li>\n<li>O\u015bwiadczenie o wielodzietno\u015bci rodziny kandydata do przedszkola [<a href=\"https:\/\/pp1pawlowice.pl\/wp-content\/uploads\/2026\/01\/Zalacznik-nr-1-do-wniosku-o-przyjecie-dziecka-do-przedszkola-na-rok-szkolny-2026-27.docx.pdf\">PDF<\/a>]<\/li>\n<li>O\u015bwiadczenie o samotnym wychowaniu dziecka kandydata do przedszkola [<a href=\"https:\/\/pp1pawlowice.pl\/wp-content\/uploads\/2026\/01\/zalacznik-nr-2-do-wniosku-o-przyjecia-dziecka-do-przedszkola-na-rok-szkolny-2026-27.docx.pdf\">PDF<\/a>]<\/li>\n<\/ul>\n<p>&nbsp;<\/p>\n","protected":false},"excerpt":{"rendered":"<p>Zarz\u0105dzenie W\u00f3jta [PDF] Wniosek o przyjecie do przedszkola [PDF] O\u015bwiadczenie o wielodzietno\u015bci rodziny kandydata do przedszkola [PDF] O\u015bwiadczenie o samotnym wychowaniu dziecka kandydata do przedszkola [PDF] &nbsp;<\/p>\n","protected":false},"author":1,"featured_media":0,"parent":0,"menu_order":0,"comment_status":"closed","ping_status":"closed","template":"","meta":{"_kad_post_transparent":"default","_kad_post_title":"default","_kad_post_layout":"default","_kad_post_sidebar_id":"","_kad_post_content_style":"default","_kad_post_vertical_padding":"default","_kad_post_feature":"","_kad_post_feature_position":"","_kad_post_header":false,"_kad_post_footer":false,"_kad_post_classname":"","footnotes":""},"class_list":["post-2767","page","type-page","status-publish","hentry"],"yoast_head":"<!-- This site is optimized with the Yoast SEO plugin v27.3 - https:\/\/yoast.com\/product\/yoast-seo-wordpress\/ -->\n<title>Rekrutacja na rok szkolny 2026\/2027 - Publiczne Przedszkole nr. 1<\/title>\n<meta name=\"robots\" content=\"index, follow, max-snippet:-1, max-image-preview:large, max-video-preview:-1\" \/>\n<link rel=\"canonical\" href=\"https:\/\/pp1pawlowice.pl\/?page_id=2767\" \/>\n<meta property=\"og:locale\" content=\"pl_PL\" \/>\n<meta property=\"og:type\" content=\"article\" \/>\n<meta property=\"og:title\" content=\"Rekrutacja na rok szkolny 2026\/2027 - Publiczne Przedszkole nr. 1\" \/>\n<meta property=\"og:description\" content=\"Zarz\u0105dzenie W\u00f3jta [PDF] Wniosek o przyjecie do przedszkola [PDF] O\u015bwiadczenie o wielodzietno\u015bci rodziny kandydata do przedszkola [PDF] O\u015bwiadczenie o samotnym wychowaniu dziecka kandydata do przedszkola [PDF] &nbsp;\" \/>\n<meta property=\"og:url\" content=\"https:\/\/pp1pawlowice.pl\/?page_id=2767\" \/>\n<meta property=\"og:site_name\" content=\"Publiczne Przedszkole nr. 1\" \/>\n<meta property=\"article:modified_time\" content=\"2026-01-19T20:48:16+00:00\" \/>\n<meta name=\"twitter:card\" content=\"summary_large_image\" \/>\n<meta name=\"twitter:label1\" content=\"Szacowany czas czytania\" \/>\n\t<meta name=\"twitter:data1\" content=\"1 minuta\" \/>\n<script type=\"application\/ld+json\" class=\"yoast-schema-graph\">{\"@context\":\"https:\\\/\\\/schema.org\",\"@graph\":[{\"@type\":\"WebPage\",\"@id\":\"https:\\\/\\\/pp1pawlowice.pl\\\/?page_id=2767\",\"url\":\"https:\\\/\\\/pp1pawlowice.pl\\\/?page_id=2767\",\"name\":\"Rekrutacja na rok szkolny 2026\\\/2027 - Publiczne Przedszkole nr. 1\",\"isPartOf\":{\"@id\":\"https:\\\/\\\/pp1pawlowice.pl\\\/#website\"},\"datePublished\":\"2026-01-07T21:11:51+00:00\",\"dateModified\":\"2026-01-19T20:48:16+00:00\",\"breadcrumb\":{\"@id\":\"https:\\\/\\\/pp1pawlowice.pl\\\/?page_id=2767#breadcrumb\"},\"inLanguage\":\"pl-PL\",\"potentialAction\":[{\"@type\":\"ReadAction\",\"target\":[\"https:\\\/\\\/pp1pawlowice.pl\\\/?page_id=2767\"]}]},{\"@type\":\"BreadcrumbList\",\"@id\":\"https:\\\/\\\/pp1pawlowice.pl\\\/?page_id=2767#breadcrumb\",\"itemListElement\":[{\"@type\":\"ListItem\",\"position\":1,\"name\":\"Strona g\u0142\u00f3wna\",\"item\":\"https:\\\/\\\/pp1pawlowice.pl\\\/\"},{\"@type\":\"ListItem\",\"position\":2,\"name\":\"Rekrutacja na rok szkolny 2026\\\/2027\"}]},{\"@type\":\"WebSite\",\"@id\":\"https:\\\/\\\/pp1pawlowice.pl\\\/#website\",\"url\":\"https:\\\/\\\/pp1pawlowice.pl\\\/\",\"name\":\"Publiczne Przedszkole nr. 1\",\"description\":\"\",\"publisher\":{\"@id\":\"https:\\\/\\\/pp1pawlowice.pl\\\/#organization\"},\"potentialAction\":[{\"@type\":\"SearchAction\",\"target\":{\"@type\":\"EntryPoint\",\"urlTemplate\":\"https:\\\/\\\/pp1pawlowice.pl\\\/?s={search_term_string}\"},\"query-input\":{\"@type\":\"PropertyValueSpecification\",\"valueRequired\":true,\"valueName\":\"search_term_string\"}}],\"inLanguage\":\"pl-PL\"},{\"@type\":\"Organization\",\"@id\":\"https:\\\/\\\/pp1pawlowice.pl\\\/#organization\",\"name\":\"Publiczne Przedszkole nr. 1\",\"url\":\"https:\\\/\\\/pp1pawlowice.pl\\\/\",\"logo\":{\"@type\":\"ImageObject\",\"inLanguage\":\"pl-PL\",\"@id\":\"https:\\\/\\\/pp1pawlowice.pl\\\/#\\\/schema\\\/logo\\\/image\\\/\",\"url\":\"https:\\\/\\\/pp1pawlowice.pl\\\/wp-content\\\/uploads\\\/2024\\\/03\\\/logoPP1.png\",\"contentUrl\":\"https:\\\/\\\/pp1pawlowice.pl\\\/wp-content\\\/uploads\\\/2024\\\/03\\\/logoPP1.png\",\"width\":600,\"height\":552,\"caption\":\"Publiczne Przedszkole nr. 1\"},\"image\":{\"@id\":\"https:\\\/\\\/pp1pawlowice.pl\\\/#\\\/schema\\\/logo\\\/image\\\/\"}}]}<\/script>\n<!-- \/ Yoast SEO plugin. -->","yoast_head_json":{"title":"Rekrutacja na rok szkolny 2026\/2027 - Publiczne Przedszkole nr. 1","robots":{"index":"index","follow":"follow","max-snippet":"max-snippet:-1","max-image-preview":"max-image-preview:large","max-video-preview":"max-video-preview:-1"},"canonical":"https:\/\/pp1pawlowice.pl\/?page_id=2767","og_locale":"pl_PL","og_type":"article","og_title":"Rekrutacja na rok szkolny 2026\/2027 - Publiczne Przedszkole nr. 1","og_description":"Zarz\u0105dzenie W\u00f3jta [PDF] Wniosek o przyjecie do przedszkola [PDF] O\u015bwiadczenie o wielodzietno\u015bci rodziny kandydata do przedszkola [PDF] O\u015bwiadczenie o samotnym wychowaniu dziecka kandydata do przedszkola [PDF] &nbsp;","og_url":"https:\/\/pp1pawlowice.pl\/?page_id=2767","og_site_name":"Publiczne Przedszkole nr. 1","article_modified_time":"2026-01-19T20:48:16+00:00","twitter_card":"summary_large_image","twitter_misc":{"Szacowany czas czytania":"1 minuta"},"schema":{"@context":"https:\/\/schema.org","@graph":[{"@type":"WebPage","@id":"https:\/\/pp1pawlowice.pl\/?page_id=2767","url":"https:\/\/pp1pawlowice.pl\/?page_id=2767","name":"Rekrutacja na rok szkolny 2026\/2027 - Publiczne Przedszkole nr. 1","isPartOf":{"@id":"https:\/\/pp1pawlowice.pl\/#website"},"datePublished":"2026-01-07T21:11:51+00:00","dateModified":"2026-01-19T20:48:16+00:00","breadcrumb":{"@id":"https:\/\/pp1pawlowice.pl\/?page_id=2767#breadcrumb"},"inLanguage":"pl-PL","potentialAction":[{"@type":"ReadAction","target":["https:\/\/pp1pawlowice.pl\/?page_id=2767"]}]},{"@type":"BreadcrumbList","@id":"https:\/\/pp1pawlowice.pl\/?page_id=2767#breadcrumb","itemListElement":[{"@type":"ListItem","position":1,"name":"Strona g\u0142\u00f3wna","item":"https:\/\/pp1pawlowice.pl\/"},{"@type":"ListItem","position":2,"name":"Rekrutacja na rok szkolny 2026\/2027"}]},{"@type":"WebSite","@id":"https:\/\/pp1pawlowice.pl\/#website","url":"https:\/\/pp1pawlowice.pl\/","name":"Publiczne Przedszkole nr. 1","description":"","publisher":{"@id":"https:\/\/pp1pawlowice.pl\/#organization"},"potentialAction":[{"@type":"SearchAction","target":{"@type":"EntryPoint","urlTemplate":"https:\/\/pp1pawlowice.pl\/?s={search_term_string}"},"query-input":{"@type":"PropertyValueSpecification","valueRequired":true,"valueName":"search_term_string"}}],"inLanguage":"pl-PL"},{"@type":"Organization","@id":"https:\/\/pp1pawlowice.pl\/#organization","name":"Publiczne Przedszkole nr. 1","url":"https:\/\/pp1pawlowice.pl\/","logo":{"@type":"ImageObject","inLanguage":"pl-PL","@id":"https:\/\/pp1pawlowice.pl\/#\/schema\/logo\/image\/","url":"https:\/\/pp1pawlowice.pl\/wp-content\/uploads\/2024\/03\/logoPP1.png","contentUrl":"https:\/\/pp1pawlowice.pl\/wp-content\/uploads\/2024\/03\/logoPP1.png","width":600,"height":552,"caption":"Publiczne Przedszkole nr. 1"},"image":{"@id":"https:\/\/pp1pawlowice.pl\/#\/schema\/logo\/image\/"}}]}},"_links":{"self":[{"href":"https:\/\/pp1pawlowice.pl\/index.php?rest_route=\/wp\/v2\/pages\/2767","targetHints":{"allow":["GET"]}}],"collection":[{"href":"https:\/\/pp1pawlowice.pl\/index.php?rest_route=\/wp\/v2\/pages"}],"about":[{"href":"https:\/\/pp1pawlowice.pl\/index.php?rest_route=\/wp\/v2\/types\/page"}],"author":[{"embeddable":true,"href":"https:\/\/pp1pawlowice.pl\/index.php?rest_route=\/wp\/v2\/users\/1"}],"replies":[{"embeddable":true,"href":"https:\/\/pp1pawlowice.pl\/index.php?rest_route=%2Fwp%2Fv2%2Fcomments&post=2767"}],"version-history":[{"count":6,"href":"https:\/\/pp1pawlowice.pl\/index.php?rest_route=\/wp\/v2\/pages\/2767\/revisions"}],"predecessor-version":[{"id":2800,"href":"https:\/\/pp1pawlowice.pl\/index.php?rest_route=\/wp\/v2\/pages\/2767\/revisions\/2800"}],"wp:attachment":[{"href":"https:\/\/pp1pawlowice.pl\/index.php?rest_route=%2Fwp%2Fv2%2Fmedia&parent=2767"}],"curies":[{"name":"wp","href":"https:\/\/api.w.org\/{rel}","templated":true}]}}